{"id":557,"date":"2025-10-18T11:17:12","date_gmt":"2025-10-18T14:17:12","guid":{"rendered":"https:\/\/agenciamaremarketing.com\/?page_id=557"},"modified":"2025-10-18T11:30:56","modified_gmt":"2025-10-18T14:30:56","slug":"politica-de-privacidade","status":"publish","type":"page","link":"https:\/\/agenciamaremarketing.com\/index.php\/politica-de-privacidade\/","title":{"rendered":"Pol\u00edtica de Privacidade"},"content":{"rendered":"\t\t<div data-elementor-type=\"wp-page\" data-elementor-id=\"557\" class=\"elementor elementor-557\">\n\t\t\t\t\t\t\t<div class=\"elementor-element elementor-element-748789e e-con-boxed e-flex e-con\" data-id=\"748789e\" data-element_type=\"container\" data-settings=\"{&quot;background_background&quot;:&quot;classic&quot;,&quot;content_width&quot;:&quot;boxed&quot;}\">\n\t\t\t\t\t<div class=\"e-con-inner\">\n\t\t\t\t<div class=\"elementor-element elementor-element-44a244c elementor-widget elementor-widget-heading\" data-id=\"44a244c\" data-element_type=\"widget\" data-widget_type=\"heading.default\">\n\t\t\t\t<div class=\"elementor-widget-container\">\n\t\t\t<style>\/*! elementor - v3.13.3 - 28-05-2023 *\/\n.elementor-heading-title{padding:0;margin:0;line-height:1}.elementor-widget-heading .elementor-heading-title[class*=elementor-size-]>a{color:inherit;font-size:inherit;line-height:inherit}.elementor-widget-heading .elementor-heading-title.elementor-size-small{font-size:15px}.elementor-widget-heading .elementor-heading-title.elementor-size-medium{font-size:19px}.elementor-widget-heading .elementor-heading-title.elementor-size-large{font-size:29px}.elementor-widget-heading .elementor-heading-title.elementor-size-xl{font-size:39px}.elementor-widget-heading .elementor-heading-title.elementor-size-xxl{font-size:59px}<\/style><h2 class=\"elementor-heading-title elementor-size-default\">Pol\u00edtica de Privacidade<\/h2>\t\t<\/div>\n\t\t\t\t<\/div>\n\t\t\t\t<div class=\"elementor-element elementor-element-642e52d elementor-widget elementor-widget-text-editor\" data-id=\"642e52d\" data-element_type=\"widget\" data-widget_type=\"text-editor.default\">\n\t\t\t\t<div class=\"elementor-widget-container\">\n\t\t\t<style>\/*! elementor - v3.13.3 - 28-05-2023 *\/\n.elementor-widget-text-editor.elementor-drop-cap-view-stacked .elementor-drop-cap{background-color:#69727d;color:#fff}.elementor-widget-text-editor.elementor-drop-cap-view-framed .elementor-drop-cap{color:#69727d;border:3px solid;background-color:transparent}.elementor-widget-text-editor:not(.elementor-drop-cap-view-default) .elementor-drop-cap{margin-top:8px}.elementor-widget-text-editor:not(.elementor-drop-cap-view-default) .elementor-drop-cap-letter{width:1em;height:1em}.elementor-widget-text-editor .elementor-drop-cap{float:left;text-align:center;line-height:1;font-size:50px}.elementor-widget-text-editor .elementor-drop-cap-letter{display:inline-block}<\/style>\t\t\t\t<p>A <strong data-start=\"442\" data-end=\"465\">Mar\u00e9 Marketing LTDA<\/strong>, inscrita no CNPJ sob o n\u00ba <strong data-start=\"493\" data-end=\"515\">58.638.738\/0001-69<\/strong>, com sede em <strong data-start=\"529\" data-end=\"549\">Florian\u00f3polis\/SC<\/strong>, valoriza a privacidade e a prote\u00e7\u00e3o dos dados pessoais de todos os usu\u00e1rios e visitantes de seus canais digitais.<br data-start=\"664\" data-end=\"667\" \/>Esta Pol\u00edtica de Privacidade tem como objetivo informar de forma clara e transparente como coletamos, utilizamos e protegemos os dados pessoais fornecidos voluntariamente por meio de nossos an\u00fancios, formul\u00e1rios e canais de comunica\u00e7\u00e3o.<\/p>\t\t\t\t\t\t<\/div>\n\t\t\t\t<\/div>\n\t\t\t\t<div class=\"elementor-element elementor-element-179b800 elementor-widget elementor-widget-text-editor\" data-id=\"179b800\" data-element_type=\"widget\" data-widget_type=\"text-editor.default\">\n\t\t\t\t<div class=\"elementor-widget-container\">\n\t\t\t\t\t\t\t<h3 data-start=\"910\" data-end=\"936\"><strong data-start=\"914\" data-end=\"936\">1. Coleta de Dados<\/strong><\/h3><p data-start=\"937\" data-end=\"1015\">A coleta de dados pessoais \u00e9 realizada de forma volunt\u00e1ria quando o usu\u00e1rio:<\/p><ul data-start=\"1016\" data-end=\"1218\"><li data-start=\"1016\" data-end=\"1094\"><p data-start=\"1018\" data-end=\"1094\">Preenche formul\u00e1rios de cadastro em an\u00fancios ou p\u00e1ginas da Mar\u00e9 Marketing;<\/p><\/li><li data-start=\"1095\" data-end=\"1218\"><p data-start=\"1097\" data-end=\"1218\">Entra em contato conosco por meio do <strong data-start=\"1134\" data-end=\"1146\">WhatsApp<\/strong>, <strong data-start=\"1148\" data-end=\"1172\">liga\u00e7\u00f5es telef\u00f4nicas<\/strong> ou <strong data-start=\"1176\" data-end=\"1217\">outros canais oficiais de comunica\u00e7\u00e3o<\/strong>.<\/p><\/li><\/ul><p data-start=\"1220\" data-end=\"1368\">As informa\u00e7\u00f5es coletadas podem incluir: <strong data-start=\"1260\" data-end=\"1367\">nome, e-mail, telefone, \u00e1rea de atua\u00e7\u00e3o, empresa e outros dados fornecidos espontaneamente pelo usu\u00e1rio<\/strong>.<\/p><hr data-start=\"1370\" data-end=\"1373\" \/><h3 data-start=\"1375\" data-end=\"1413\"><strong data-start=\"1379\" data-end=\"1413\">2. Finalidade do Uso dos Dados<\/strong><\/h3><p data-start=\"1414\" data-end=\"1512\">Os dados coletados t\u00eam <strong data-start=\"1437\" data-end=\"1486\">uso exclusivamente comercial e administrativo<\/strong>, sendo utilizados para:<\/p><ul data-start=\"1513\" data-end=\"1767\"><li data-start=\"1513\" data-end=\"1594\"><p data-start=\"1515\" data-end=\"1594\">Entrar em contato com o lead para <strong data-start=\"1549\" data-end=\"1591\">dar continuidade ao processo comercial<\/strong>;<\/p><\/li><li data-start=\"1595\" data-end=\"1658\"><p data-start=\"1597\" data-end=\"1658\"><strong data-start=\"1597\" data-end=\"1655\">Apresentar servi\u00e7os, propostas e solu\u00e7\u00f5es de marketing<\/strong>;<\/p><\/li><li data-start=\"1659\" data-end=\"1767\"><p data-start=\"1661\" data-end=\"1767\"><strong data-start=\"1661\" data-end=\"1686\">Manter relacionamento<\/strong> com potenciais clientes e parceiros interessados nos servi\u00e7os da Mar\u00e9 Marketing.<\/p><\/li><\/ul><p data-start=\"1769\" data-end=\"1905\">A Mar\u00e9 Marketing <strong data-start=\"1786\" data-end=\"1866\">n\u00e3o realiza venda, troca ou compartilhamento de dados pessoais com terceiros<\/strong> para fins comerciais ou publicit\u00e1rios.<\/p><hr data-start=\"1907\" data-end=\"1910\" \/><h3 data-start=\"1912\" data-end=\"1933\"><strong data-start=\"1916\" data-end=\"1933\">3. Base Legal<\/strong><\/h3><p data-start=\"1934\" data-end=\"2178\">O tratamento dos dados pessoais \u00e9 realizado com base no <strong data-start=\"1990\" data-end=\"2018\">consentimento do titular<\/strong> (art. 7\u00ba, inciso I, da LGPD) e\/ou para <strong data-start=\"2058\" data-end=\"2108\">atendimento de interesses leg\u00edtimos da empresa<\/strong> relacionados \u00e0 oferta de seus servi\u00e7os (art. 7\u00ba, inciso IX, da LGPD).<\/p><hr data-start=\"2180\" data-end=\"2183\" \/><h3 data-start=\"2185\" data-end=\"2221\"><strong data-start=\"2189\" data-end=\"2221\">4. Armazenamento e Seguran\u00e7a<\/strong><\/h3><p data-start=\"2222\" data-end=\"2646\">Os dados s\u00e3o armazenados em ambientes seguros, utilizando servidores e plataformas de hospedagem compat\u00edveis com as boas pr\u00e1ticas de prote\u00e7\u00e3o de dados (incluindo o WordPress e integra\u00e7\u00f5es com plataformas de an\u00fancios, como Meta e Google).<br data-start=\"2459\" data-end=\"2462\" \/>A Mar\u00e9 Marketing adota medidas t\u00e9cnicas e administrativas adequadas para proteger os dados pessoais contra acessos n\u00e3o autorizados, destrui\u00e7\u00e3o, perda, altera\u00e7\u00e3o ou divulga\u00e7\u00e3o indevida.<\/p><hr data-start=\"2648\" data-end=\"2651\" \/><h3 data-start=\"2653\" data-end=\"2689\"><strong data-start=\"2657\" data-end=\"2689\">5. Compartilhamento de Dados<\/strong><\/h3><p data-start=\"2690\" data-end=\"3087\">Os dados poder\u00e3o ser compartilhados apenas com <strong data-start=\"2737\" data-end=\"2777\">fornecedores e plataformas parceiras<\/strong> estritamente necess\u00e1rias para o funcionamento das campanhas e processos comerciais (ex.: Meta Ads, Google Ads, WhatsApp Business, CRM ou automa\u00e7\u00f5es de contato).<br data-start=\"2938\" data-end=\"2941\" \/>Em todos os casos, o compartilhamento ocorre em conformidade com a legisla\u00e7\u00e3o aplic\u00e1vel e mediante garantia de sigilo e seguran\u00e7a das informa\u00e7\u00f5es.<\/p><hr data-start=\"3089\" data-end=\"3092\" \/><h3 data-start=\"3094\" data-end=\"3134\"><strong data-start=\"3098\" data-end=\"3134\">6. Direitos do Titular dos Dados<\/strong><\/h3><p data-start=\"3135\" data-end=\"3228\">Em conformidade com a LGPD, o titular dos dados pessoais pode, a qualquer momento, solicitar:<\/p><ul data-start=\"3229\" data-end=\"3370\"><li data-start=\"3229\" data-end=\"3273\"><p data-start=\"3231\" data-end=\"3273\">Confirma\u00e7\u00e3o da exist\u00eancia de tratamento;<\/p><\/li><li data-start=\"3274\" data-end=\"3321\"><p data-start=\"3276\" data-end=\"3321\">Acesso, corre\u00e7\u00e3o ou exclus\u00e3o de seus dados;<\/p><\/li><li data-start=\"3322\" data-end=\"3370\"><p data-start=\"3324\" data-end=\"3370\">Revoga\u00e7\u00e3o do consentimento para uso dos dados.<\/p><\/li><\/ul><p data-start=\"3372\" data-end=\"3458\">As solicita\u00e7\u00f5es podem ser feitas atrav\u00e9s do e-mail: <b>luan@agenciamaremarketing.com<\/b><\/p><hr data-start=\"3460\" data-end=\"3463\" \/><h3 data-start=\"3465\" data-end=\"3513\"><strong data-start=\"3469\" data-end=\"3513\">7. Cookies e Tecnologias de Rastreamento<\/strong><\/h3><p data-start=\"3514\" data-end=\"3794\">Nosso site pode utilizar cookies e outras tecnologias de rastreamento para melhorar a experi\u00eancia do usu\u00e1rio e otimizar o desempenho das campanhas publicit\u00e1rias.<br data-start=\"3675\" data-end=\"3678\" \/>O usu\u00e1rio pode configurar seu navegador para recusar cookies, mas isso pode limitar algumas funcionalidades do site.<\/p><hr data-start=\"3796\" data-end=\"3799\" \/><h3 data-start=\"3801\" data-end=\"3837\"><strong data-start=\"3805\" data-end=\"3837\">8. Altera\u00e7\u00f5es nesta Pol\u00edtica<\/strong><\/h3><p data-start=\"3838\" data-end=\"4040\">A Mar\u00e9 Marketing reserva-se o direito de modificar esta Pol\u00edtica de Privacidade a qualquer momento, sendo a vers\u00e3o atual sempre publicada neste endere\u00e7o eletr\u00f4nico, com indica\u00e7\u00e3o da data de atualiza\u00e7\u00e3o.<\/p><hr data-start=\"4042\" data-end=\"4045\" \/><h3 data-start=\"4047\" data-end=\"4065\"><strong data-start=\"4051\" data-end=\"4065\">9. Contato<\/strong><\/h3><p data-start=\"4066\" data-end=\"4290\">Em caso de d\u00favidas, solicita\u00e7\u00f5es ou reclama\u00e7\u00f5es relacionadas a esta Pol\u00edtica de Privacidade, entre em contato conosco atrav\u00e9s do e-mail:<br data-start=\"4202\" data-end=\"4205\" \/>\ud83d\udce9 <strong data-start=\"4208\" data-end=\"4241\"><a class=\"decorated-link cursor-pointer\" rel=\"noopener\" data-start=\"4210\" data-end=\"4239\">luan@agenciamaremarketing.com<\/a><\/strong><\/p>\t\t\t\t\t\t<\/div>\n\t\t\t\t<\/div>\n\t\t\t\t\t<\/div>\n\t\t\t\t<\/div>\n\t\t\t\t\t\t\t<\/div>\n\t\t","protected":false},"excerpt":{"rendered":"<p>Pol\u00edtica de Privacidade A Mar\u00e9 Marketing LTDA, inscrita no CNPJ sob o n\u00ba 58.638.738\/0001-69, com sede em Florian\u00f3polis\/SC, valoriza a privacidade e a prote\u00e7\u00e3o dos dados pessoais de todos os usu\u00e1rios e visitantes de seus canais digitais.Esta Pol\u00edtica de Privacidade tem como objetivo informar de forma clara e transparente como coletamos, utilizamos e protegemos os &hellip;<\/p>\n<p class=\"read-more\"> <a class=\"\" href=\"https:\/\/agenciamaremarketing.com\/index.php\/politica-de-privacidade\/\"> <span class=\"screen-reader-text\">Pol\u00edtica de Privacidade<\/span> Read More &raquo;<\/a><\/p>\n","protected":false},"author":1,"featured_media":0,"parent":0,"menu_order":0,"comment_status":"closed","ping_status":"closed","template":"","meta":{"site-sidebar-layout":"no-sidebar","site-content-layout":"page-builder","ast-global-header-display":"","ast-main-header-display":"","ast-hfb-above-header-display":"","ast-hfb-below-header-display":"","ast-hfb-mobile-header-display":"","site-post-title":"disabled","ast-breadcrumbs-content":"","ast-featured-img":"disabled","footer-sml-layout":"","theme-transparent-header-meta":"enabled","adv-header-id-meta":"","stick-header-meta":"","header-above-stick-meta":"","header-main-stick-meta":"","header-below-stick-meta":""},"yoast_head":"<!-- This site is optimized with the Yoast SEO plugin v20.8 - https:\/\/yoast.com\/wordpress\/plugins\/seo\/ -->\n<title>Pol\u00edtica de Privacidade - Mare Marketing<\/title>\n<meta name=\"robots\" content=\"index, follow, max-snippet:-1, max-image-preview:large, max-video-preview:-1\" \/>\n<link rel=\"canonical\" href=\"https:\/\/agenciamaremarketing.com\/index.php\/politica-de-privacidade\/\" \/>\n<meta property=\"og:locale\" content=\"en_US\" \/>\n<meta property=\"og:type\" content=\"article\" \/>\n<meta property=\"og:title\" content=\"Pol\u00edtica de Privacidade - Mare Marketing\" \/>\n<meta property=\"og:description\" content=\"Pol\u00edtica de Privacidade A Mar\u00e9 Marketing LTDA, inscrita no CNPJ sob o n\u00ba 58.638.738\/0001-69, com sede em Florian\u00f3polis\/SC, valoriza a privacidade e a prote\u00e7\u00e3o dos dados pessoais de todos os usu\u00e1rios e visitantes de seus canais digitais.Esta Pol\u00edtica de Privacidade tem como objetivo informar de forma clara e transparente como coletamos, utilizamos e protegemos os &hellip; Pol\u00edtica de Privacidade Read More &raquo;\" \/>\n<meta property=\"og:url\" content=\"https:\/\/agenciamaremarketing.com\/index.php\/politica-de-privacidade\/\" \/>\n<meta property=\"og:site_name\" content=\"Mare Marketing\" \/>\n<meta property=\"article:modified_time\" content=\"2025-10-18T14:30:56+00:00\" \/>\n<meta name=\"twitter:card\" content=\"summary_large_image\" \/>\n<meta name=\"twitter:label1\" content=\"Est. reading time\" \/>\n\t<meta name=\"twitter:data1\" content=\"3 minutes\" \/>\n<script type=\"application\/ld+json\" class=\"yoast-schema-graph\">{\"@context\":\"https:\/\/schema.org\",\"@graph\":[{\"@type\":\"WebPage\",\"@id\":\"https:\/\/agenciamaremarketing.com\/index.php\/politica-de-privacidade\/\",\"url\":\"https:\/\/agenciamaremarketing.com\/index.php\/politica-de-privacidade\/\",\"name\":\"Pol\u00edtica de Privacidade - Mare Marketing\",\"isPartOf\":{\"@id\":\"https:\/\/agenciamaremarketing.com\/#website\"},\"datePublished\":\"2025-10-18T14:17:12+00:00\",\"dateModified\":\"2025-10-18T14:30:56+00:00\",\"breadcrumb\":{\"@id\":\"https:\/\/agenciamaremarketing.com\/index.php\/politica-de-privacidade\/#breadcrumb\"},\"inLanguage\":\"en-US\",\"potentialAction\":[{\"@type\":\"ReadAction\",\"target\":[\"https:\/\/agenciamaremarketing.com\/index.php\/politica-de-privacidade\/\"]}]},{\"@type\":\"BreadcrumbList\",\"@id\":\"https:\/\/agenciamaremarketing.com\/index.php\/politica-de-privacidade\/#breadcrumb\",\"itemListElement\":[{\"@type\":\"ListItem\",\"position\":1,\"name\":\"In\u00edcio\",\"item\":\"https:\/\/agenciamaremarketing.com\/\"},{\"@type\":\"ListItem\",\"position\":2,\"name\":\"Pol\u00edtica de Privacidade\"}]},{\"@type\":\"WebSite\",\"@id\":\"https:\/\/agenciamaremarketing.com\/#website\",\"url\":\"https:\/\/agenciamaremarketing.com\/\",\"name\":\"Mare Marketing\",\"description\":\"\",\"publisher\":{\"@id\":\"https:\/\/agenciamaremarketing.com\/#organization\"},\"potentialAction\":[{\"@type\":\"SearchAction\",\"target\":{\"@type\":\"EntryPoint\",\"urlTemplate\":\"https:\/\/agenciamaremarketing.com\/?s={search_term_string}\"},\"query-input\":\"required name=search_term_string\"}],\"inLanguage\":\"en-US\"},{\"@type\":\"Organization\",\"@id\":\"https:\/\/agenciamaremarketing.com\/#organization\",\"name\":\"Mare Marketing\",\"url\":\"https:\/\/agenciamaremarketing.com\/\",\"logo\":{\"@type\":\"ImageObject\",\"inLanguage\":\"en-US\",\"@id\":\"https:\/\/agenciamaremarketing.com\/#\/schema\/logo\/image\/\",\"url\":\"https:\/\/agenciamaremarketing.com\/wp-content\/uploads\/2023\/05\/cropped-Instagram-post-51.png\",\"contentUrl\":\"https:\/\/agenciamaremarketing.com\/wp-content\/uploads\/2023\/05\/cropped-Instagram-post-51.png\",\"width\":1884,\"height\":720,\"caption\":\"Mare Marketing\"},\"image\":{\"@id\":\"https:\/\/agenciamaremarketing.com\/#\/schema\/logo\/image\/\"}}]}<\/script>\n<!-- \/ Yoast SEO plugin. -->","yoast_head_json":{"title":"Pol\u00edtica de Privacidade - Mare Marketing","robots":{"index":"index","follow":"follow","max-snippet":"max-snippet:-1","max-image-preview":"max-image-preview:large","max-video-preview":"max-video-preview:-1"},"canonical":"https:\/\/agenciamaremarketing.com\/index.php\/politica-de-privacidade\/","og_locale":"en_US","og_type":"article","og_title":"Pol\u00edtica de Privacidade - Mare Marketing","og_description":"Pol\u00edtica de Privacidade A Mar\u00e9 Marketing LTDA, inscrita no CNPJ sob o n\u00ba 58.638.738\/0001-69, com sede em Florian\u00f3polis\/SC, valoriza a privacidade e a prote\u00e7\u00e3o dos dados pessoais de todos os usu\u00e1rios e visitantes de seus canais digitais.Esta Pol\u00edtica de Privacidade tem como objetivo informar de forma clara e transparente como coletamos, utilizamos e protegemos os &hellip; Pol\u00edtica de Privacidade Read More &raquo;","og_url":"https:\/\/agenciamaremarketing.com\/index.php\/politica-de-privacidade\/","og_site_name":"Mare Marketing","article_modified_time":"2025-10-18T14:30:56+00:00","twitter_card":"summary_large_image","twitter_misc":{"Est. reading time":"3 minutes"},"schema":{"@context":"https:\/\/schema.org","@graph":[{"@type":"WebPage","@id":"https:\/\/agenciamaremarketing.com\/index.php\/politica-de-privacidade\/","url":"https:\/\/agenciamaremarketing.com\/index.php\/politica-de-privacidade\/","name":"Pol\u00edtica de Privacidade - Mare Marketing","isPartOf":{"@id":"https:\/\/agenciamaremarketing.com\/#website"},"datePublished":"2025-10-18T14:17:12+00:00","dateModified":"2025-10-18T14:30:56+00:00","breadcrumb":{"@id":"https:\/\/agenciamaremarketing.com\/index.php\/politica-de-privacidade\/#breadcrumb"},"inLanguage":"en-US","potentialAction":[{"@type":"ReadAction","target":["https:\/\/agenciamaremarketing.com\/index.php\/politica-de-privacidade\/"]}]},{"@type":"BreadcrumbList","@id":"https:\/\/agenciamaremarketing.com\/index.php\/politica-de-privacidade\/#breadcrumb","itemListElement":[{"@type":"ListItem","position":1,"name":"In\u00edcio","item":"https:\/\/agenciamaremarketing.com\/"},{"@type":"ListItem","position":2,"name":"Pol\u00edtica de Privacidade"}]},{"@type":"WebSite","@id":"https:\/\/agenciamaremarketing.com\/#website","url":"https:\/\/agenciamaremarketing.com\/","name":"Mare Marketing","description":"","publisher":{"@id":"https:\/\/agenciamaremarketing.com\/#organization"},"potentialAction":[{"@type":"SearchAction","target":{"@type":"EntryPoint","urlTemplate":"https:\/\/agenciamaremarketing.com\/?s={search_term_string}"},"query-input":"required name=search_term_string"}],"inLanguage":"en-US"},{"@type":"Organization","@id":"https:\/\/agenciamaremarketing.com\/#organization","name":"Mare Marketing","url":"https:\/\/agenciamaremarketing.com\/","logo":{"@type":"ImageObject","inLanguage":"en-US","@id":"https:\/\/agenciamaremarketing.com\/#\/schema\/logo\/image\/","url":"https:\/\/agenciamaremarketing.com\/wp-content\/uploads\/2023\/05\/cropped-Instagram-post-51.png","contentUrl":"https:\/\/agenciamaremarketing.com\/wp-content\/uploads\/2023\/05\/cropped-Instagram-post-51.png","width":1884,"height":720,"caption":"Mare Marketing"},"image":{"@id":"https:\/\/agenciamaremarketing.com\/#\/schema\/logo\/image\/"}}]}},"_links":{"self":[{"href":"https:\/\/agenciamaremarketing.com\/index.php\/wp-json\/wp\/v2\/pages\/557"}],"collection":[{"href":"https:\/\/agenciamaremarketing.com\/index.php\/wp-json\/wp\/v2\/pages"}],"about":[{"href":"https:\/\/agenciamaremarketing.com\/index.php\/wp-json\/wp\/v2\/types\/page"}],"author":[{"embeddable":true,"href":"https:\/\/agenciamaremarketing.com\/index.php\/wp-json\/wp\/v2\/users\/1"}],"replies":[{"embeddable":true,"href":"https:\/\/agenciamaremarketing.com\/index.php\/wp-json\/wp\/v2\/comments?post=557"}],"version-history":[{"count":11,"href":"https:\/\/agenciamaremarketing.com\/index.php\/wp-json\/wp\/v2\/pages\/557\/revisions"}],"predecessor-version":[{"id":569,"href":"https:\/\/agenciamaremarketing.com\/index.php\/wp-json\/wp\/v2\/pages\/557\/revisions\/569"}],"wp:attachment":[{"href":"https:\/\/agenciamaremarketing.com\/index.php\/wp-json\/wp\/v2\/media?parent=557"}],"curies":[{"name":"wp","href":"https:\/\/api.w.org\/{rel}","templated":true}]}}